{"id":4362,"date":"2022-02-22T09:54:28","date_gmt":"2022-02-22T09:54:28","guid":{"rendered":"http:\/\/bergeriedelasouleuvre.fr\/?page_id=4362"},"modified":"2023-10-22T09:33:23","modified_gmt":"2023-10-22T09:33:23","slug":"recettes-bergerie-souleuvre-brebis","status":"publish","type":"page","link":"http:\/\/bergeriedelasouleuvre.fr\/index.php\/recettes-bergerie-souleuvre-brebis\/","title":{"rendered":"Nos recettes"},"content":{"rendered":"\n<p>A la Bergerie de la Souleuvre, nous sommes gourmands et gourmets. Nous avons donc test\u00e9 quelques recettes \u00e0 base de lait et des produits issus de la tranformation. <\/p>\n\n\n\n<p>A l&rsquo;ap\u00e9ritif<\/p>\n\n\n\n<ul class=\"wp-block-list\">\n<li><a href=\"http:\/\/bergeriedelasouleuvre.fr\/wp-content\/uploads\/2022\/02\/caneles.pdf\" target=\"_blank\" rel=\"noreferrer noopener\">Canel\u00e9s bleu de brebis\/poire<\/a><\/li>\n\n\n\n<li><a href=\"http:\/\/bergeriedelasouleuvre.fr\/wp-content\/uploads\/2022\/03\/feuilletes.pdf\" target=\"_blank\" rel=\"noreferrer noopener\">Palmiers Saveur Orientale et Saveur Indienne<\/a><\/li>\n<\/ul>\n\n\n\n<p>Les entr\u00e9es<\/p>\n\n\n\n<ul class=\"wp-block-list\">\n<li><a href=\"http:\/\/bergeriedelasouleuvre.fr\/wp-content\/uploads\/2022\/02\/Samoussas.pdf\" target=\"_blank\" rel=\"noreferrer noopener\">Samoussa \u00e9pinards ~ Carvillis<\/a> (fromage type f\u00e9ta)<\/li>\n\n\n\n<li><a href=\"http:\/\/bergeriedelasouleuvre.fr\/wp-content\/uploads\/2022\/03\/salade.pdf\" target=\"_blank\" rel=\"noreferrer noopener\">Salade grecque<\/a><\/li>\n\n\n\n<li><a href=\"http:\/\/bergeriedelasouleuvre.fr\/wp-content\/uploads\/2022\/03\/veloute.pdf\" target=\"_blank\" rel=\"noreferrer noopener\">Velout\u00e9 de courgettes<\/a> au fromage frais Ail et Fines Herbes<\/li>\n<\/ul>\n\n\n\n<p>Les plats<\/p>\n\n\n\n<ul class=\"wp-block-list\">\n<li><a href=\"http:\/\/bergeriedelasouleuvre.fr\/wp-content\/uploads\/2022\/03\/tourte.pdf\" target=\"_blank\" rel=\"noreferrer noopener\">Tourte<\/a> au bleu de brebis<\/li>\n\n\n\n<li><a href=\"http:\/\/bergeriedelasouleuvre.fr\/wp-content\/uploads\/2022\/03\/cailles.pdf\" target=\"_blank\" rel=\"noreferrer noopener\">Cailles <\/a>au bleu de brebis<\/li>\n\n\n\n<li><a href=\"http:\/\/bergeriedelasouleuvre.fr\/wp-content\/uploads\/2022\/03\/aligot.pdf\" target=\"_blank\" rel=\"noreferrer noopener\">Aligot<\/a><\/li>\n\n\n\n<li><a href=\"http:\/\/bergeriedelasouleuvre.fr\/wp-content\/uploads\/2022\/03\/gigot.pdf\" target=\"_blank\" rel=\"noreferrer noopener\">Gigot d&rsquo;agneau au miel et au romarin<\/a><\/li>\n\n\n\n<li><a href=\"http:\/\/bergeriedelasouleuvre.fr\/wp-content\/uploads\/2023\/10\/Gratin-de-butternut-bleu-de-brebis-et-noix.pdf\">Gratin de butternut<\/a>, bleu de brebis et noix<\/li>\n<\/ul>\n\n\n\n<p>Les desserts<\/p>\n\n\n\n<ul class=\"wp-block-list\">\n<li><a href=\"http:\/\/bergeriedelasouleuvre.fr\/wp-content\/uploads\/2022\/03\/teurgoule.pdf\" target=\"_blank\" rel=\"noreferrer noopener\">Teurgoule<\/a><\/li>\n\n\n\n<li><a href=\"http:\/\/bergeriedelasouleuvre.fr\/wp-content\/uploads\/2022\/03\/far.pdf\" target=\"_blank\" rel=\"noreferrer noopener\">Far breton<\/a><\/li>\n\n\n\n<li><a href=\"http:\/\/bergeriedelasouleuvre.fr\/wp-content\/uploads\/2022\/03\/riz.pdf\" target=\"_blank\" rel=\"noreferrer noopener\">Riz au lait<\/a><\/li>\n\n\n\n<li><a href=\"http:\/\/bergeriedelasouleuvre.fr\/wp-content\/uploads\/2022\/03\/creme.pdf\" target=\"_blank\" rel=\"noreferrer noopener\">Cr\u00e8me aux oeufs<\/a><\/li>\n<\/ul>\n\n\n\n<p>Si, de votre c\u00f4t\u00e9, vous avez tent\u00e9 quelques recettes avec nos produits, n&rsquo;h\u00e9sitez pas \u00e0 nous les envoyer. Nous enrichirons cette page ! <\/p>\n","protected":false},"excerpt":{"rendered":"<p>A la Bergerie de la Souleuvre, nous sommes gourmands et gourmets. Nous avons donc test\u00e9 quelques recettes \u00e0 base de lait et des produits issus &hellip; <\/p>\n","protected":false},"author":1,"featured_media":0,"parent":0,"menu_order":0,"comment_status":"closed","ping_status":"closed","template":"","meta":{"om_disable_all_campaigns":false,"_uag_custom_page_level_css":"","_monsterinsights_skip_tracking":false,"_monsterinsights_sitenote_active":false,"_monsterinsights_sitenote_note":"","_monsterinsights_sitenote_category":0,"footnotes":""},"class_list":["post-4362","page","type-page","status-publish","hentry","latest_post"],"yoast_head":"<!-- This site is optimized with the Yoast SEO plugin v27.5 - https:\/\/yoast.com\/product\/yoast-seo-wordpress\/ -->\n<title>Nos recettes - Bergerie de la Souleuvre<\/title>\n<meta name=\"description\" content=\"Recettes de la Bergerie de la Souleuvre \u00e0 base de yaourts, fromages blanc, tommes, fromage type feta au lait de brebis.\" \/>\n<meta name=\"robots\" content=\"index, follow, max-snippet:-1, max-image-preview:large, max-video-preview:-1\" \/>\n<link rel=\"canonical\" href=\"http:\/\/bergeriedelasouleuvre.fr\/index.php\/recettes-bergerie-souleuvre-brebis\/\" \/>\n<meta property=\"og:locale\" content=\"fr_FR\" \/>\n<meta property=\"og:type\" content=\"article\" \/>\n<meta property=\"og:title\" content=\"Nos recettes - Bergerie de la Souleuvre\" \/>\n<meta property=\"og:description\" content=\"Recettes de la Bergerie de la Souleuvre \u00e0 base de yaourts, fromages blanc, tommes, fromage type feta au lait de brebis.\" \/>\n<meta property=\"og:url\" content=\"http:\/\/bergeriedelasouleuvre.fr\/index.php\/recettes-bergerie-souleuvre-brebis\/\" \/>\n<meta property=\"og:site_name\" content=\"Bergerie de la Souleuvre\" \/>\n<meta property=\"article:modified_time\" content=\"2023-10-22T09:33:23+00:00\" \/>\n<meta property=\"og:image\" content=\"http:\/\/bergeriedelasouleuvre.fr\/wp-content\/uploads\/2022\/02\/cropped-cropped-logoPNG.png\" \/>\n\t<meta property=\"og:image:width\" content=\"512\" \/>\n\t<meta property=\"og:image:height\" content=\"512\" \/>\n\t<meta property=\"og:image:type\" content=\"image\/png\" \/>\n<meta name=\"twitter:card\" content=\"summary_large_image\" \/>\n<meta name=\"twitter:label1\" content=\"Dur\u00e9e de lecture estim\u00e9e\" \/>\n\t<meta name=\"twitter:data1\" content=\"1 minute\" \/>\n<script type=\"application\/ld+json\" class=\"yoast-schema-graph\">{\"@context\":\"https:\\\/\\\/schema.org\",\"@graph\":[{\"@type\":\"WebPage\",\"@id\":\"http:\\\/\\\/bergeriedelasouleuvre.fr\\\/index.php\\\/recettes-bergerie-souleuvre-brebis\\\/\",\"url\":\"http:\\\/\\\/bergeriedelasouleuvre.fr\\\/index.php\\\/recettes-bergerie-souleuvre-brebis\\\/\",\"name\":\"Nos recettes - Bergerie de la Souleuvre\",\"isPartOf\":{\"@id\":\"http:\\\/\\\/bergeriedelasouleuvre.fr\\\/#website\"},\"datePublished\":\"2022-02-22T09:54:28+00:00\",\"dateModified\":\"2023-10-22T09:33:23+00:00\",\"description\":\"Recettes de la Bergerie de la Souleuvre \u00e0 base de yaourts, fromages blanc, tommes, fromage type feta au lait de brebis.\",\"breadcrumb\":{\"@id\":\"http:\\\/\\\/bergeriedelasouleuvre.fr\\\/index.php\\\/recettes-bergerie-souleuvre-brebis\\\/#breadcrumb\"},\"inLanguage\":\"fr-FR\",\"potentialAction\":[{\"@type\":\"ReadAction\",\"target\":[\"http:\\\/\\\/bergeriedelasouleuvre.fr\\\/index.php\\\/recettes-bergerie-souleuvre-brebis\\\/\"]}]},{\"@type\":\"BreadcrumbList\",\"@id\":\"http:\\\/\\\/bergeriedelasouleuvre.fr\\\/index.php\\\/recettes-bergerie-souleuvre-brebis\\\/#breadcrumb\",\"itemListElement\":[{\"@type\":\"ListItem\",\"position\":1,\"name\":\"Accueil\",\"item\":\"http:\\\/\\\/bergeriedelasouleuvre.fr\\\/\"},{\"@type\":\"ListItem\",\"position\":2,\"name\":\"Nos recettes\"}]},{\"@type\":\"WebSite\",\"@id\":\"http:\\\/\\\/bergeriedelasouleuvre.fr\\\/#website\",\"url\":\"http:\\\/\\\/bergeriedelasouleuvre.fr\\\/\",\"name\":\"Bergerie de la Souleuvre\",\"description\":\"Produits fermiers au lait de brebis\",\"publisher\":{\"@id\":\"http:\\\/\\\/bergeriedelasouleuvre.fr\\\/#organization\"},\"potentialAction\":[{\"@type\":\"SearchAction\",\"target\":{\"@type\":\"EntryPoint\",\"urlTemplate\":\"http:\\\/\\\/bergeriedelasouleuvre.fr\\\/?s={search_term_string}\"},\"query-input\":{\"@type\":\"PropertyValueSpecification\",\"valueRequired\":true,\"valueName\":\"search_term_string\"}}],\"inLanguage\":\"fr-FR\"},{\"@type\":\"Organization\",\"@id\":\"http:\\\/\\\/bergeriedelasouleuvre.fr\\\/#organization\",\"name\":\"Bergerie de la Souleuvre\",\"url\":\"http:\\\/\\\/bergeriedelasouleuvre.fr\\\/\",\"logo\":{\"@type\":\"ImageObject\",\"inLanguage\":\"fr-FR\",\"@id\":\"http:\\\/\\\/bergeriedelasouleuvre.fr\\\/#\\\/schema\\\/logo\\\/image\\\/\",\"url\":\"http:\\\/\\\/bergeriedelasouleuvre.fr\\\/wp-content\\\/uploads\\\/2022\\\/02\\\/cropped-cropped-logoPNG.png\",\"contentUrl\":\"http:\\\/\\\/bergeriedelasouleuvre.fr\\\/wp-content\\\/uploads\\\/2022\\\/02\\\/cropped-cropped-logoPNG.png\",\"width\":512,\"height\":512,\"caption\":\"Bergerie de la Souleuvre\"},\"image\":{\"@id\":\"http:\\\/\\\/bergeriedelasouleuvre.fr\\\/#\\\/schema\\\/logo\\\/image\\\/\"}}]}<\/script>\n<!-- \/ Yoast SEO plugin. -->","yoast_head_json":{"title":"Nos recettes - Bergerie de la Souleuvre","description":"Recettes de la Bergerie de la Souleuvre \u00e0 base de yaourts, fromages blanc, tommes, fromage type feta au lait de brebis.","robots":{"index":"index","follow":"follow","max-snippet":"max-snippet:-1","max-image-preview":"max-image-preview:large","max-video-preview":"max-video-preview:-1"},"canonical":"http:\/\/bergeriedelasouleuvre.fr\/index.php\/recettes-bergerie-souleuvre-brebis\/","og_locale":"fr_FR","og_type":"article","og_title":"Nos recettes - Bergerie de la Souleuvre","og_description":"Recettes de la Bergerie de la Souleuvre \u00e0 base de yaourts, fromages blanc, tommes, fromage type feta au lait de brebis.","og_url":"http:\/\/bergeriedelasouleuvre.fr\/index.php\/recettes-bergerie-souleuvre-brebis\/","og_site_name":"Bergerie de la Souleuvre","article_modified_time":"2023-10-22T09:33:23+00:00","og_image":[{"width":512,"height":512,"url":"http:\/\/bergeriedelasouleuvre.fr\/wp-content\/uploads\/2022\/02\/cropped-cropped-logoPNG.png","type":"image\/png"}],"twitter_card":"summary_large_image","twitter_misc":{"Dur\u00e9e de lecture estim\u00e9e":"1 minute"},"schema":{"@context":"https:\/\/schema.org","@graph":[{"@type":"WebPage","@id":"http:\/\/bergeriedelasouleuvre.fr\/index.php\/recettes-bergerie-souleuvre-brebis\/","url":"http:\/\/bergeriedelasouleuvre.fr\/index.php\/recettes-bergerie-souleuvre-brebis\/","name":"Nos recettes - Bergerie de la Souleuvre","isPartOf":{"@id":"http:\/\/bergeriedelasouleuvre.fr\/#website"},"datePublished":"2022-02-22T09:54:28+00:00","dateModified":"2023-10-22T09:33:23+00:00","description":"Recettes de la Bergerie de la Souleuvre \u00e0 base de yaourts, fromages blanc, tommes, fromage type feta au lait de brebis.","breadcrumb":{"@id":"http:\/\/bergeriedelasouleuvre.fr\/index.php\/recettes-bergerie-souleuvre-brebis\/#breadcrumb"},"inLanguage":"fr-FR","potentialAction":[{"@type":"ReadAction","target":["http:\/\/bergeriedelasouleuvre.fr\/index.php\/recettes-bergerie-souleuvre-brebis\/"]}]},{"@type":"BreadcrumbList","@id":"http:\/\/bergeriedelasouleuvre.fr\/index.php\/recettes-bergerie-souleuvre-brebis\/#breadcrumb","itemListElement":[{"@type":"ListItem","position":1,"name":"Accueil","item":"http:\/\/bergeriedelasouleuvre.fr\/"},{"@type":"ListItem","position":2,"name":"Nos recettes"}]},{"@type":"WebSite","@id":"http:\/\/bergeriedelasouleuvre.fr\/#website","url":"http:\/\/bergeriedelasouleuvre.fr\/","name":"Bergerie de la Souleuvre","description":"Produits fermiers au lait de brebis","publisher":{"@id":"http:\/\/bergeriedelasouleuvre.fr\/#organization"},"potentialAction":[{"@type":"SearchAction","target":{"@type":"EntryPoint","urlTemplate":"http:\/\/bergeriedelasouleuvre.fr\/?s={search_term_string}"},"query-input":{"@type":"PropertyValueSpecification","valueRequired":true,"valueName":"search_term_string"}}],"inLanguage":"fr-FR"},{"@type":"Organization","@id":"http:\/\/bergeriedelasouleuvre.fr\/#organization","name":"Bergerie de la Souleuvre","url":"http:\/\/bergeriedelasouleuvre.fr\/","logo":{"@type":"ImageObject","inLanguage":"fr-FR","@id":"http:\/\/bergeriedelasouleuvre.fr\/#\/schema\/logo\/image\/","url":"http:\/\/bergeriedelasouleuvre.fr\/wp-content\/uploads\/2022\/02\/cropped-cropped-logoPNG.png","contentUrl":"http:\/\/bergeriedelasouleuvre.fr\/wp-content\/uploads\/2022\/02\/cropped-cropped-logoPNG.png","width":512,"height":512,"caption":"Bergerie de la Souleuvre"},"image":{"@id":"http:\/\/bergeriedelasouleuvre.fr\/#\/schema\/logo\/image\/"}}]}},"uagb_featured_image_src":{"full":false,"thumbnail":false,"medium":false,"medium_large":false,"large":false,"1536x1536":false,"2048x2048":false,"chic-lite-schema":false,"chic-lite-slider":false,"chic-lite-slider-one":false,"chic-lite-featured-four":false,"chic-lite-blog":false,"chic-lite-latest":false,"chic-lite-blog-one":false,"chic-lite-sidebar":false,"woocommerce_thumbnail":false,"woocommerce_single":false,"woocommerce_gallery_thumbnail":false},"uagb_author_info":{"display_name":"bergeriedelasouleuvre@gmail.com","author_link":"http:\/\/bergeriedelasouleuvre.fr\/index.php\/author\/bergeriedelasouleuvregmail-com\/"},"uagb_comment_info":0,"uagb_excerpt":"A la Bergerie de la Souleuvre, nous sommes gourmands et gourmets. Nous avons donc test\u00e9 quelques recettes \u00e0 base de lait et des produits issus &hellip;","_links":{"self":[{"href":"http:\/\/bergeriedelasouleuvre.fr\/index.php\/wp-json\/wp\/v2\/pages\/4362","targetHints":{"allow":["GET"]}}],"collection":[{"href":"http:\/\/bergeriedelasouleuvre.fr\/index.php\/wp-json\/wp\/v2\/pages"}],"about":[{"href":"http:\/\/bergeriedelasouleuvre.fr\/index.php\/wp-json\/wp\/v2\/types\/page"}],"author":[{"embeddable":true,"href":"http:\/\/bergeriedelasouleuvre.fr\/index.php\/wp-json\/wp\/v2\/users\/1"}],"replies":[{"embeddable":true,"href":"http:\/\/bergeriedelasouleuvre.fr\/index.php\/wp-json\/wp\/v2\/comments?post=4362"}],"version-history":[{"count":12,"href":"http:\/\/bergeriedelasouleuvre.fr\/index.php\/wp-json\/wp\/v2\/pages\/4362\/revisions"}],"predecessor-version":[{"id":4587,"href":"http:\/\/bergeriedelasouleuvre.fr\/index.php\/wp-json\/wp\/v2\/pages\/4362\/revisions\/4587"}],"wp:attachment":[{"href":"http:\/\/bergeriedelasouleuvre.fr\/index.php\/wp-json\/wp\/v2\/media?parent=4362"}],"curies":[{"name":"wp","href":"https:\/\/api.w.org\/{rel}","templated":true}]}}