{"id":4060,"date":"2022-02-15T16:55:50","date_gmt":"2022-02-15T16:55:50","guid":{"rendered":"http:\/\/bergeriedelasouleuvre.fr\/?page_id=4060"},"modified":"2023-07-23T16:32:09","modified_gmt":"2023-07-23T16:32:09","slug":"en-drive","status":"publish","type":"page","link":"http:\/\/bergeriedelasouleuvre.fr\/index.php\/en-drive\/","title":{"rendered":"En drive"},"content":{"rendered":"\n<div class=\"wp-block-media-text alignwide is-stacked-on-mobile\" style=\"grid-template-columns:15% auto\"><figure class=\"wp-block-media-text__media\"><img loading=\"lazy\" decoding=\"async\" width=\"1024\" height=\"130\" src=\"http:\/\/bergeriedelasouleuvre.fr\/wp-content\/uploads\/2022\/02\/LAFOURMILIERE_LOGO_BLEU@2x-1536x195-1-1024x130.png\" alt=\"\" class=\"wp-image-4211 size-full\" srcset=\"http:\/\/bergeriedelasouleuvre.fr\/wp-content\/uploads\/2022\/02\/LAFOURMILIERE_LOGO_BLEU@2x-1536x195-1-1024x130.png 1024w, http:\/\/bergeriedelasouleuvre.fr\/wp-content\/uploads\/2022\/02\/LAFOURMILIERE_LOGO_BLEU@2x-1536x195-1-300x38.png 300w, http:\/\/bergeriedelasouleuvre.fr\/wp-content\/uploads\/2022\/02\/LAFOURMILIERE_LOGO_BLEU@2x-1536x195-1-768x98.png 768w, http:\/\/bergeriedelasouleuvre.fr\/wp-content\/uploads\/2022\/02\/LAFOURMILIERE_LOGO_BLEU@2x-1536x195-1-473x60.png 473w, http:\/\/bergeriedelasouleuvre.fr\/wp-content\/uploads\/2022\/02\/LAFOURMILIERE_LOGO_BLEU@2x-1536x195-1-600x76.png 600w, http:\/\/bergeriedelasouleuvre.fr\/wp-content\/uploads\/2022\/02\/LAFOURMILIERE_LOGO_BLEU@2x-1536x195-1.png 1536w\" sizes=\"auto, (max-width: 1024px) 100vw, 1024px\" \/><\/figure><div class=\"wp-block-media-text__content\">\n<p class=\"has-luminous-vivid-amber-color has-text-color has-medium-font-size\">La Fourmili\u00e8re \u00e0 Caen<\/p>\n\n\n\n<p class=\"has-small-font-size\">Toutes les informations sont \u00e0 retrouver sur le site : <a href=\"https:\/\/www.drivelafourmiliere.com\/\">https:\/\/www.drivelafourmiliere.com\/<\/a><\/p>\n<\/div><\/div>\n\n\n\n<p><\/p>\n","protected":false},"excerpt":{"rendered":"<p>La Fourmili\u00e8re \u00e0 Caen Toutes les informations sont \u00e0 retrouver sur le site : https:\/\/www.drivelafourmiliere.com\/<\/p>\n","protected":false},"author":1,"featured_media":0,"parent":0,"menu_order":0,"comment_status":"open","ping_status":"closed","template":"","meta":{"om_disable_all_campaigns":false,"_uag_custom_page_level_css":"","_monsterinsights_skip_tracking":false,"_monsterinsights_sitenote_active":false,"_monsterinsights_sitenote_note":"","_monsterinsights_sitenote_category":0,"footnotes":""},"class_list":["post-4060","page","type-page","status-publish","hentry","latest_post"],"yoast_head":"<!-- This site is optimized with the Yoast SEO plugin v27.4 - https:\/\/yoast.com\/product\/yoast-seo-wordpress\/ -->\n<title>En drive - Bergerie de la Souleuvre<\/title>\n<meta name=\"robots\" content=\"index, follow, max-snippet:-1, max-image-preview:large, max-video-preview:-1\" \/>\n<link rel=\"canonical\" href=\"http:\/\/bergeriedelasouleuvre.fr\/index.php\/en-drive\/\" \/>\n<meta property=\"og:locale\" content=\"fr_FR\" \/>\n<meta property=\"og:type\" content=\"article\" \/>\n<meta property=\"og:title\" content=\"En drive - Bergerie de la Souleuvre\" \/>\n<meta property=\"og:description\" content=\"La Fourmili\u00e8re \u00e0 Caen Toutes les informations sont \u00e0 retrouver sur le site : https:\/\/www.drivelafourmiliere.com\/\" \/>\n<meta property=\"og:url\" content=\"http:\/\/bergeriedelasouleuvre.fr\/index.php\/en-drive\/\" \/>\n<meta property=\"og:site_name\" content=\"Bergerie de la Souleuvre\" \/>\n<meta property=\"article:modified_time\" content=\"2023-07-23T16:32:09+00:00\" \/>\n<meta property=\"og:image\" content=\"http:\/\/bergeriedelasouleuvre.fr\/wp-content\/uploads\/2022\/02\/LAFOURMILIERE_LOGO_BLEU@2x-1536x195-1-1024x130.png\" \/>\n<meta name=\"twitter:card\" content=\"summary_large_image\" \/>\n<meta name=\"twitter:label1\" content=\"Dur\u00e9e de lecture estim\u00e9e\" \/>\n\t<meta name=\"twitter:data1\" content=\"1 minute\" \/>\n<script type=\"application\/ld+json\" class=\"yoast-schema-graph\">{\"@context\":\"https:\\\/\\\/schema.org\",\"@graph\":[{\"@type\":\"WebPage\",\"@id\":\"http:\\\/\\\/bergeriedelasouleuvre.fr\\\/index.php\\\/en-drive\\\/\",\"url\":\"http:\\\/\\\/bergeriedelasouleuvre.fr\\\/index.php\\\/en-drive\\\/\",\"name\":\"En drive - Bergerie de la Souleuvre\",\"isPartOf\":{\"@id\":\"http:\\\/\\\/bergeriedelasouleuvre.fr\\\/#website\"},\"primaryImageOfPage\":{\"@id\":\"http:\\\/\\\/bergeriedelasouleuvre.fr\\\/index.php\\\/en-drive\\\/#primaryimage\"},\"image\":{\"@id\":\"http:\\\/\\\/bergeriedelasouleuvre.fr\\\/index.php\\\/en-drive\\\/#primaryimage\"},\"thumbnailUrl\":\"http:\\\/\\\/bergeriedelasouleuvre.fr\\\/wp-content\\\/uploads\\\/2022\\\/02\\\/LAFOURMILIERE_LOGO_BLEU@2x-1536x195-1-1024x130.png\",\"datePublished\":\"2022-02-15T16:55:50+00:00\",\"dateModified\":\"2023-07-23T16:32:09+00:00\",\"breadcrumb\":{\"@id\":\"http:\\\/\\\/bergeriedelasouleuvre.fr\\\/index.php\\\/en-drive\\\/#breadcrumb\"},\"inLanguage\":\"fr-FR\",\"potentialAction\":[{\"@type\":\"ReadAction\",\"target\":[\"http:\\\/\\\/bergeriedelasouleuvre.fr\\\/index.php\\\/en-drive\\\/\"]}]},{\"@type\":\"ImageObject\",\"inLanguage\":\"fr-FR\",\"@id\":\"http:\\\/\\\/bergeriedelasouleuvre.fr\\\/index.php\\\/en-drive\\\/#primaryimage\",\"url\":\"http:\\\/\\\/bergeriedelasouleuvre.fr\\\/wp-content\\\/uploads\\\/2022\\\/02\\\/LAFOURMILIERE_LOGO_BLEU@2x-1536x195-1.png\",\"contentUrl\":\"http:\\\/\\\/bergeriedelasouleuvre.fr\\\/wp-content\\\/uploads\\\/2022\\\/02\\\/LAFOURMILIERE_LOGO_BLEU@2x-1536x195-1.png\",\"width\":1536,\"height\":195},{\"@type\":\"BreadcrumbList\",\"@id\":\"http:\\\/\\\/bergeriedelasouleuvre.fr\\\/index.php\\\/en-drive\\\/#breadcrumb\",\"itemListElement\":[{\"@type\":\"ListItem\",\"position\":1,\"name\":\"Accueil\",\"item\":\"http:\\\/\\\/bergeriedelasouleuvre.fr\\\/\"},{\"@type\":\"ListItem\",\"position\":2,\"name\":\"En drive\"}]},{\"@type\":\"WebSite\",\"@id\":\"http:\\\/\\\/bergeriedelasouleuvre.fr\\\/#website\",\"url\":\"http:\\\/\\\/bergeriedelasouleuvre.fr\\\/\",\"name\":\"Bergerie de la Souleuvre\",\"description\":\"Produits fermiers au lait de brebis\",\"publisher\":{\"@id\":\"http:\\\/\\\/bergeriedelasouleuvre.fr\\\/#organization\"},\"potentialAction\":[{\"@type\":\"SearchAction\",\"target\":{\"@type\":\"EntryPoint\",\"urlTemplate\":\"http:\\\/\\\/bergeriedelasouleuvre.fr\\\/?s={search_term_string}\"},\"query-input\":{\"@type\":\"PropertyValueSpecification\",\"valueRequired\":true,\"valueName\":\"search_term_string\"}}],\"inLanguage\":\"fr-FR\"},{\"@type\":\"Organization\",\"@id\":\"http:\\\/\\\/bergeriedelasouleuvre.fr\\\/#organization\",\"name\":\"Bergerie de la Souleuvre\",\"url\":\"http:\\\/\\\/bergeriedelasouleuvre.fr\\\/\",\"logo\":{\"@type\":\"ImageObject\",\"inLanguage\":\"fr-FR\",\"@id\":\"http:\\\/\\\/bergeriedelasouleuvre.fr\\\/#\\\/schema\\\/logo\\\/image\\\/\",\"url\":\"http:\\\/\\\/bergeriedelasouleuvre.fr\\\/wp-content\\\/uploads\\\/2022\\\/02\\\/cropped-cropped-logoPNG.png\",\"contentUrl\":\"http:\\\/\\\/bergeriedelasouleuvre.fr\\\/wp-content\\\/uploads\\\/2022\\\/02\\\/cropped-cropped-logoPNG.png\",\"width\":512,\"height\":512,\"caption\":\"Bergerie de la Souleuvre\"},\"image\":{\"@id\":\"http:\\\/\\\/bergeriedelasouleuvre.fr\\\/#\\\/schema\\\/logo\\\/image\\\/\"}}]}<\/script>\n<!-- \/ Yoast SEO plugin. -->","yoast_head_json":{"title":"En drive - Bergerie de la Souleuvre","robots":{"index":"index","follow":"follow","max-snippet":"max-snippet:-1","max-image-preview":"max-image-preview:large","max-video-preview":"max-video-preview:-1"},"canonical":"http:\/\/bergeriedelasouleuvre.fr\/index.php\/en-drive\/","og_locale":"fr_FR","og_type":"article","og_title":"En drive - Bergerie de la Souleuvre","og_description":"La Fourmili\u00e8re \u00e0 Caen Toutes les informations sont \u00e0 retrouver sur le site : https:\/\/www.drivelafourmiliere.com\/","og_url":"http:\/\/bergeriedelasouleuvre.fr\/index.php\/en-drive\/","og_site_name":"Bergerie de la Souleuvre","article_modified_time":"2023-07-23T16:32:09+00:00","og_image":[{"url":"http:\/\/bergeriedelasouleuvre.fr\/wp-content\/uploads\/2022\/02\/LAFOURMILIERE_LOGO_BLEU@2x-1536x195-1-1024x130.png","type":"","width":"","height":""}],"twitter_card":"summary_large_image","twitter_misc":{"Dur\u00e9e de lecture estim\u00e9e":"1 minute"},"schema":{"@context":"https:\/\/schema.org","@graph":[{"@type":"WebPage","@id":"http:\/\/bergeriedelasouleuvre.fr\/index.php\/en-drive\/","url":"http:\/\/bergeriedelasouleuvre.fr\/index.php\/en-drive\/","name":"En drive - Bergerie de la Souleuvre","isPartOf":{"@id":"http:\/\/bergeriedelasouleuvre.fr\/#website"},"primaryImageOfPage":{"@id":"http:\/\/bergeriedelasouleuvre.fr\/index.php\/en-drive\/#primaryimage"},"image":{"@id":"http:\/\/bergeriedelasouleuvre.fr\/index.php\/en-drive\/#primaryimage"},"thumbnailUrl":"http:\/\/bergeriedelasouleuvre.fr\/wp-content\/uploads\/2022\/02\/LAFOURMILIERE_LOGO_BLEU@2x-1536x195-1-1024x130.png","datePublished":"2022-02-15T16:55:50+00:00","dateModified":"2023-07-23T16:32:09+00:00","breadcrumb":{"@id":"http:\/\/bergeriedelasouleuvre.fr\/index.php\/en-drive\/#breadcrumb"},"inLanguage":"fr-FR","potentialAction":[{"@type":"ReadAction","target":["http:\/\/bergeriedelasouleuvre.fr\/index.php\/en-drive\/"]}]},{"@type":"ImageObject","inLanguage":"fr-FR","@id":"http:\/\/bergeriedelasouleuvre.fr\/index.php\/en-drive\/#primaryimage","url":"http:\/\/bergeriedelasouleuvre.fr\/wp-content\/uploads\/2022\/02\/LAFOURMILIERE_LOGO_BLEU@2x-1536x195-1.png","contentUrl":"http:\/\/bergeriedelasouleuvre.fr\/wp-content\/uploads\/2022\/02\/LAFOURMILIERE_LOGO_BLEU@2x-1536x195-1.png","width":1536,"height":195},{"@type":"BreadcrumbList","@id":"http:\/\/bergeriedelasouleuvre.fr\/index.php\/en-drive\/#breadcrumb","itemListElement":[{"@type":"ListItem","position":1,"name":"Accueil","item":"http:\/\/bergeriedelasouleuvre.fr\/"},{"@type":"ListItem","position":2,"name":"En drive"}]},{"@type":"WebSite","@id":"http:\/\/bergeriedelasouleuvre.fr\/#website","url":"http:\/\/bergeriedelasouleuvre.fr\/","name":"Bergerie de la Souleuvre","description":"Produits fermiers au lait de brebis","publisher":{"@id":"http:\/\/bergeriedelasouleuvre.fr\/#organization"},"potentialAction":[{"@type":"SearchAction","target":{"@type":"EntryPoint","urlTemplate":"http:\/\/bergeriedelasouleuvre.fr\/?s={search_term_string}"},"query-input":{"@type":"PropertyValueSpecification","valueRequired":true,"valueName":"search_term_string"}}],"inLanguage":"fr-FR"},{"@type":"Organization","@id":"http:\/\/bergeriedelasouleuvre.fr\/#organization","name":"Bergerie de la Souleuvre","url":"http:\/\/bergeriedelasouleuvre.fr\/","logo":{"@type":"ImageObject","inLanguage":"fr-FR","@id":"http:\/\/bergeriedelasouleuvre.fr\/#\/schema\/logo\/image\/","url":"http:\/\/bergeriedelasouleuvre.fr\/wp-content\/uploads\/2022\/02\/cropped-cropped-logoPNG.png","contentUrl":"http:\/\/bergeriedelasouleuvre.fr\/wp-content\/uploads\/2022\/02\/cropped-cropped-logoPNG.png","width":512,"height":512,"caption":"Bergerie de la Souleuvre"},"image":{"@id":"http:\/\/bergeriedelasouleuvre.fr\/#\/schema\/logo\/image\/"}}]}},"uagb_featured_image_src":{"full":false,"thumbnail":false,"medium":false,"medium_large":false,"large":false,"1536x1536":false,"2048x2048":false,"chic-lite-schema":false,"chic-lite-slider":false,"chic-lite-slider-one":false,"chic-lite-featured-four":false,"chic-lite-blog":false,"chic-lite-latest":false,"chic-lite-blog-one":false,"chic-lite-sidebar":false,"woocommerce_thumbnail":false,"woocommerce_single":false,"woocommerce_gallery_thumbnail":false},"uagb_author_info":{"display_name":"bergeriedelasouleuvre@gmail.com","author_link":"http:\/\/bergeriedelasouleuvre.fr\/index.php\/author\/bergeriedelasouleuvregmail-com\/"},"uagb_comment_info":0,"uagb_excerpt":"La Fourmili\u00e8re \u00e0 Caen Toutes les informations sont \u00e0 retrouver sur le site : https:\/\/www.drivelafourmiliere.com\/","_links":{"self":[{"href":"http:\/\/bergeriedelasouleuvre.fr\/index.php\/wp-json\/wp\/v2\/pages\/4060","targetHints":{"allow":["GET"]}}],"collection":[{"href":"http:\/\/bergeriedelasouleuvre.fr\/index.php\/wp-json\/wp\/v2\/pages"}],"about":[{"href":"http:\/\/bergeriedelasouleuvre.fr\/index.php\/wp-json\/wp\/v2\/types\/page"}],"author":[{"embeddable":true,"href":"http:\/\/bergeriedelasouleuvre.fr\/index.php\/wp-json\/wp\/v2\/users\/1"}],"replies":[{"embeddable":true,"href":"http:\/\/bergeriedelasouleuvre.fr\/index.php\/wp-json\/wp\/v2\/comments?post=4060"}],"version-history":[{"count":6,"href":"http:\/\/bergeriedelasouleuvre.fr\/index.php\/wp-json\/wp\/v2\/pages\/4060\/revisions"}],"predecessor-version":[{"id":4574,"href":"http:\/\/bergeriedelasouleuvre.fr\/index.php\/wp-json\/wp\/v2\/pages\/4060\/revisions\/4574"}],"wp:attachment":[{"href":"http:\/\/bergeriedelasouleuvre.fr\/index.php\/wp-json\/wp\/v2\/media?parent=4060"}],"curies":[{"name":"wp","href":"https:\/\/api.w.org\/{rel}","templated":true}]}}